{"id":2156,"date":"2018-06-26T17:36:18","date_gmt":"2018-06-26T17:36:18","guid":{"rendered":"http:\/\/agrogenesis.com.pe\/en\/?page_id=2156"},"modified":"2018-06-26T22:15:50","modified_gmt":"2018-06-26T22:15:50","slug":"vgc","status":"publish","type":"page","link":"http:\/\/www.agrogenesis.com.pe\/en\/vgc\/","title":{"rendered":"Viveros G\u00e9nesis Colombia"},"content":{"rendered":"<h2><\/h2>\n<p><img loading=\"lazy\" class=\"aligncenter wp-image-2143 size-full\" src=\"http:\/\/www.agrogenesis.com\/wp-content\/uploads\/2018\/06\/bannerVGC1.png\" alt=\"\" width=\"1024\" height=\"250\" \/><\/p>\n<p>&nbsp;<\/p>\n<hr \/>\n<p>&nbsp;<\/p>\n<p>&nbsp;<\/p>\n<div class=\"row\"> <div class=\"col-md-6\">\n<p><img loading=\"lazy\" class=\"aligncenter wp-image-2052\" src=\"http:\/\/www.agrogenesis.com\/wp-content\/uploads\/2018\/06\/AG175.png\" alt=\"\" width=\"350\" height=\"323\" \/><\/p>\n<\/div><div class=\"col-md-6\">\n<h4 style=\"text-align: center;\"><span style=\"color: #008000;\"><strong>About us?<\/strong><\/span><\/h4>\n<p>The company was legally incorporated before the Chamber of Commerce of Cali on February 2, 2017 and the site where it concentrates its operations was acquired on March 6, 2017, which is located in the geographic valley of the Cauca River, an elevated inter-Andean valley. at one thousand meters above sea level, recognized for the fertility of its lands and its optimal climate for planting a wide variety of crops. The plot of 136,300 m2 belongs to the municipality of Trujillo, Huassano corregimiento, is on the Panorama road at km 47 via half canoe-La Union.<\/p>\n<p>The first delivery of plant material corresponded to the Manimer Company&#8217;s contract for 14,668 &#8216;Red Globe&#8217; grape plants for the planting of a 7.7-hectare project in the Toro municipality of San Francisco in the north of the Cauca Valley.<\/p>\n<p>&nbsp;<\/p>\n<\/div><\/div>\n<hr \/>\n<h3><\/h3>\n<h3 style=\"text-align: center;\"><span style=\"color: #008000;\"><strong>OBJETIVES<\/strong><\/span><\/h3>\n<p>&nbsp;<\/p>\n<div class=\"row\"> <div class=\"col-md-4\">\n<p>&nbsp;<\/p>\n<p><img loading=\"lazy\" class=\"wp-image-2059 size-medium aligncenter\" src=\"http:\/\/www.agrogenesis.com\/wp-content\/uploads\/2018\/06\/1-300x277.png\" alt=\"\" width=\"300\" height=\"277\" \/><\/p>\n<p>&nbsp;<\/p>\n<h4 style=\"text-align: center;\"><span style=\"color: #008000;\"><strong>Long term<\/strong><\/span><\/h4>\n<p style=\"text-align: left;\">Become an important player in the Colombian fruit chain, providing value offers represented in finished products and services with a high level of differentiation.<\/p>\n<\/div><div class=\"col-md-4\">\n<p>&nbsp;<\/p>\n<p><img loading=\"lazy\" class=\"wp-image-2062 size-medium aligncenter\" src=\"http:\/\/www.agrogenesis.com\/wp-content\/uploads\/2018\/06\/2-300x277.png\" alt=\"\" width=\"300\" height=\"277\" \/><\/p>\n<p>&nbsp;<\/p>\n<h4 style=\"text-align: center;\"><span style=\"color: #008000;\"><strong>Medium term<\/strong><\/span><\/h4>\n<p style=\"text-align: left;\">Introduce genetic material of promising fruit trees to the different fruit regions of the country, from the origins with greater recognition for the genetic and phytosanitary quality and evaluate them through participatory research in a way that generates specific localized knowledge, that allows to make recommendations of correct use and leverage the strengthening of local fruit growing with the greatest chance of success.<\/p>\n<\/div><div class=\"col-md-4\">\n<p>&nbsp;<\/p>\n<p><img loading=\"lazy\" class=\"wp-image-2064 size-medium aligncenter\" src=\"http:\/\/www.agrogenesis.com\/wp-content\/uploads\/2018\/06\/3-300x277.png\" alt=\"\" width=\"300\" height=\"277\" \/><\/p>\n<p>&nbsp;<\/p>\n<h4 style=\"text-align: center;\"><span style=\"color: #008000;\"><strong>Short term<\/strong><\/span><\/h4>\n<p style=\"text-align: left;\">Address the unmet demand for plant material from different fruit trees that is being generated in the country thanks to the current situation generated by the recent peace scenario and the successful experiences of crops such as the &#8216;Hass&#8217; avocado that present the challenge of growing sustainable way.<\/p>\n<\/div><\/div>\n<hr \/>\n<p>&nbsp;<\/p>\n<p>&nbsp;<\/p>\n<div class=\"row\"> <div class=\"col-md-6\">\n<p>&nbsp;<\/p>\n<p><img loading=\"lazy\" class=\"aligncenter wp-image-2138\" src=\"http:\/\/www.agrogenesis.com\/wp-content\/uploads\/2018\/06\/R%C3%ADo-Cauca2-300x213.jpg\" alt=\"\" width=\"401\" height=\"284\" \/><\/p>\n<p>&nbsp;<\/p>\n<\/div><div class=\"col-md-6\">\n<p>&nbsp;<\/p>\n<h3 style=\"text-align: center;\"><span style=\"color: #008000;\"><strong>Why Colombia?<\/strong><\/span><\/h3>\n<p style=\"text-align: left;\">The strategic geographical location that allows it to go out to international markets through its two oceans, as well as the favorable climatic conditions to go out with complementary harvests in times of shortage for other countries with an exporting offer, make Colombia a country with great potential to develop a strong agro-export industry, taking into account also that its domestic market is one of the most significant in South America with a population of 50 million inhabitants. Therefore, it is essential to implement a quality nursery, since it represents the primary link in the fruit chain and the quality of its products and services will depend to a great extent on the success of all the productive activity.<\/p>\n<p>&nbsp;<\/p>\n<\/div><\/div>\n<hr \/>\n<h3 style=\"text-align: center;\"><span style=\"color: #008000;\"><strong>Main products<\/strong><\/span><\/h3>\n<p>&nbsp;<\/p>\n<div class=\"row\"> <div class=\"col-md-4\">\n<p><img loading=\"lazy\" class=\"wp-image-2079 size-medium aligncenter\" src=\"http:\/\/www.agrogenesis.com\/wp-content\/uploads\/2018\/06\/6-300x277.png\" alt=\"\" width=\"300\" height=\"277\" \/><\/p>\n<h4 style=\"text-align: center;\"><span style=\"color: #008000;\"><strong>Grapes<\/strong><\/span><\/h4>\n<\/div><div class=\"col-md-4\">\n<p><img loading=\"lazy\" class=\"wp-image-2141 size-medium aligncenter\" src=\"http:\/\/www.agrogenesis.com\/wp-content\/uploads\/2018\/06\/PALTOS-300x277.png\" alt=\"\" width=\"300\" height=\"277\" \/><\/p>\n<h4 style=\"text-align: center;\"><span style=\"color: #008000;\"><strong>Avocado<\/strong><\/span><\/h4>\n<\/div><div class=\"col-md-4\">\n<p><img loading=\"lazy\" class=\"wp-image-2085 size-medium aligncenter\" src=\"http:\/\/www.agrogenesis.com\/wp-content\/uploads\/2018\/06\/8-300x277.png\" alt=\"\" width=\"300\" height=\"277\" \/><\/p>\n<h4 style=\"text-align: center;\"><span style=\"color: #008000;\"><strong>Citrus<\/strong><\/span><\/h4>\n<\/div><\/div>\n<hr \/>\n<h3 style=\"text-align: center;\"><span style=\"color: #008000;\"><strong>CONTACT:<\/strong><\/span><\/h3>\n<p style=\"text-align: center;\">Carretera Panorama Km 47 \u2013 V\u00eda Media Canoa La Uni\u00f3n, Corregimiento Huasan\u00f3<br \/>\nValle del Cauca &#8211; Colombia<\/p>\n<p style=\"text-align: center;\"><strong>Telf: 3163237085 \/ 3163237290<br \/>\n<\/strong><\/p>\n<p style=\"text-align: center;\">elanda@viverosgenesis.com.pe \/ szelada@viverosgenesis.com.co \/ dmcorrales@viverosgenesis.com.co<\/p>\n<p>&nbsp;<\/p>\n","protected":false},"excerpt":{"rendered":"<p>&nbsp; &nbsp; &nbsp; OBJETIVES &nbsp; &nbsp; &nbsp; Main products &nbsp; CONTACT: Carretera Panorama Km 47 \u2013 V\u00eda Media Canoa La Uni\u00f3n, Corregimiento Huasan\u00f3 Valle del Cauca &#8211; Colombia Telf: 3163237085 \/ 3163237290 elanda@viverosgenesis.com.pe \/ szelada@viverosgenesis.com.co \/ dmcorrales@viverosgenesis.com.co &nbsp;<\/p>\n","protected":false},"author":4,"featured_media":0,"parent":0,"menu_order":0,"comment_status":"closed","ping_status":"closed","template":"page-fullwidth.php","meta":[],"_links":{"self":[{"href":"http:\/\/www.agrogenesis.com.pe\/en\/wp-json\/wp\/v2\/pages\/2156"}],"collection":[{"href":"http:\/\/www.agrogenesis.com.pe\/en\/wp-json\/wp\/v2\/pages"}],"about":[{"href":"http:\/\/www.agrogenesis.com.pe\/en\/wp-json\/wp\/v2\/types\/page"}],"author":[{"embeddable":true,"href":"http:\/\/www.agrogenesis.com.pe\/en\/wp-json\/wp\/v2\/users\/4"}],"replies":[{"embeddable":true,"href":"http:\/\/www.agrogenesis.com.pe\/en\/wp-json\/wp\/v2\/comments?post=2156"}],"version-history":[{"count":10,"href":"http:\/\/www.agrogenesis.com.pe\/en\/wp-json\/wp\/v2\/pages\/2156\/revisions"}],"predecessor-version":[{"id":2170,"href":"http:\/\/www.agrogenesis.com.pe\/en\/wp-json\/wp\/v2\/pages\/2156\/revisions\/2170"}],"wp:attachment":[{"href":"http:\/\/www.agrogenesis.com.pe\/en\/wp-json\/wp\/v2\/media?parent=2156"}],"curies":[{"name":"wp","href":"https:\/\/api.w.org\/{rel}","templated":true}]}}